{"id":874,"date":"2025-02-18T21:12:43","date_gmt":"2025-02-18T21:12:43","guid":{"rendered":"https:\/\/kdmempresas.cl\/?page_id=874"},"modified":"2025-02-18T21:13:46","modified_gmt":"2025-02-18T21:13:46","slug":"politica-de-cookies","status":"publish","type":"page","link":"https:\/\/kdmempresas.cl\/index.php\/politica-de-cookies\/","title":{"rendered":"Pol\u00edtica de Cookies"},"content":{"rendered":"\t\t<div data-elementor-type=\"wp-page\" data-elementor-id=\"874\" class=\"elementor elementor-874\" data-elementor-post-type=\"page\">\n\t\t\t\t\t\t<section class=\"elementor-section elementor-top-section elementor-element elementor-element-1db5896 elementor-section-boxed elementor-section-height-default elementor-section-height-default\" data-id=\"1db5896\" data-element_type=\"section\">\n\t\t\t\t\t\t<div class=\"elementor-container elementor-column-gap-default\">\n\t\t\t\t\t<div class=\"elementor-column elementor-col-100 elementor-top-column elementor-element elementor-element-bf8cd3f\" data-id=\"bf8cd3f\" data-element_type=\"column\">\n\t\t\t<div class=\"elementor-widget-wrap elementor-element-populated\">\n\t\t\t\t\t\t<div class=\"elementor-element elementor-element-b797a89 elementor-widget elementor-widget-text-editor\" data-id=\"b797a89\" data-element_type=\"widget\" data-widget_type=\"text-editor.default\">\n\t\t\t\t<div class=\"elementor-widget-container\">\n\t\t\t\t\t\t\t\t\t<p>\u00a0<\/p><p>\u00a0<\/p><p><strong>1. Introducci\u00f3n<\/strong><\/p><p>Esta Pol\u00edtica de Cookies explica qu\u00e9 son las cookies y c\u00f3mo las utilizamos en nuestro sitio web. Al utilizar nuestro sitio, aceptas el uso de cookies de acuerdo con esta pol\u00edtica.<\/p><p><strong>2. \u00bfQu\u00e9 son las cookies?<\/strong><\/p><p>Las cookies son peque\u00f1os archivos de texto que se almacenan en tu dispositivo cuando visitas un sitio web. Se utilizan para mejorar la experiencia del usuario, recordar preferencias y proporcionar informaci\u00f3n anal\u00edtica a los propietarios del sitio.<\/p><p><strong>3. Tipos de cookies que utilizamos<\/strong><\/p><ul><li><strong>Cookies esenciales<\/strong>: Necesarias para el funcionamiento b\u00e1sico del sitio web y no pueden desactivarse.<\/li><li><strong>Cookies de rendimiento<\/strong>: Nos ayudan a entender c\u00f3mo los visitantes interact\u00faan con el sitio web recopilando informaci\u00f3n de forma an\u00f3nima.<\/li><li><strong>Cookies de funcionalidad<\/strong>: Permiten recordar configuraciones y preferencias del usuario para mejorar la experiencia de navegaci\u00f3n.<\/li><li><strong>Cookies de publicidad y marketing<\/strong>: Se utilizan para personalizar los anuncios y hacerlos m\u00e1s relevantes para los usuarios.<\/li><\/ul><p><strong>4. Gesti\u00f3n de cookies<\/strong><\/p><p>Puedes configurar tu navegador para rechazar algunas o todas las cookies. Sin embargo, esto puede afectar el funcionamiento del sitio web. Consulta la secci\u00f3n de ayuda de tu navegador para obtener m\u00e1s informaci\u00f3n sobre c\u00f3mo gestionar las cookies.<\/p><p><strong>5. Cambios en la Pol\u00edtica de Cookies<\/strong><\/p><p>Nos reservamos el derecho de modificar esta pol\u00edtica en cualquier momento. Cualquier cambio significativo ser\u00e1 comunicado a trav\u00e9s de nuestro sitio web.<\/p><p>\u00a0<\/p>\t\t\t\t\t\t\t\t<\/div>\n\t\t\t\t<\/div>\n\t\t\t\t\t<\/div>\n\t\t<\/div>\n\t\t\t\t\t<\/div>\n\t\t<\/section>\n\t\t\t\t<\/div>\n\t\t","protected":false},"excerpt":{"rendered":"<p>\u00a0 \u00a0 1. Introducci\u00f3n Esta Pol\u00edtica de Cookies explica qu\u00e9 son las cookies y c\u00f3mo las utilizamos en nuestro sitio web. Al [&hellip;]<\/p>\n","protected":false},"author":3,"featured_media":0,"parent":0,"menu_order":0,"comment_status":"closed","ping_status":"closed","template":"","meta":{"footnotes":""},"class_list":["post-874","page","type-page","status-publish","hentry"],"_links":{"self":[{"href":"https:\/\/kdmempresas.cl\/index.php\/wp-json\/wp\/v2\/pages\/874","targetHints":{"allow":["GET"]}}],"collection":[{"href":"https:\/\/kdmempresas.cl\/index.php\/wp-json\/wp\/v2\/pages"}],"about":[{"href":"https:\/\/kdmempresas.cl\/index.php\/wp-json\/wp\/v2\/types\/page"}],"author":[{"embeddable":true,"href":"https:\/\/kdmempresas.cl\/index.php\/wp-json\/wp\/v2\/users\/3"}],"replies":[{"embeddable":true,"href":"https:\/\/kdmempresas.cl\/index.php\/wp-json\/wp\/v2\/comments?post=874"}],"version-history":[{"count":4,"href":"https:\/\/kdmempresas.cl\/index.php\/wp-json\/wp\/v2\/pages\/874\/revisions"}],"predecessor-version":[{"id":878,"href":"https:\/\/kdmempresas.cl\/index.php\/wp-json\/wp\/v2\/pages\/874\/revisions\/878"}],"wp:attachment":[{"href":"https:\/\/kdmempresas.cl\/index.php\/wp-json\/wp\/v2\/media?parent=874"}],"curies":[{"name":"wp","href":"https:\/\/api.w.org\/{rel}","templated":true}]}}